{"id":17868,"date":"2022-03-26T13:31:20","date_gmt":"2022-03-26T13:31:20","guid":{"rendered":"https:\/\/docteurdevoir.com\/?page_id=17868"},"modified":"2023-07-27T07:24:54","modified_gmt":"2023-07-27T07:24:54","slug":"injections","status":"publish","type":"page","link":"https:\/\/docteurdevoir.com\/en\/injections\/","title":{"rendered":"Injections"},"content":{"rendered":"<div data-elementor-type=\"wp-page\" data-elementor-id=\"17868\" class=\"elementor elementor-17868\">\n\t\t\t\t\t\t<div class=\"elementor-inner\">\n\t\t\t\t<div class=\"elementor-section-wrap\">\n\t\t\t\t\t\t\t\t\t<section class=\"elementor-section elementor-top-section elementor-element elementor-element-59fbeea elementor-section-stretched animated-slow elementor-section-boxed elementor-section-height-default elementor-section-height-default sc_fly_static elementor-invisible\" data-id=\"59fbeea\" data-element_type=\"section\" data-settings=\"{&quot;stretch_section&quot;:&quot;section-stretched&quot;,&quot;background_background&quot;:&quot;classic&quot;,&quot;animation&quot;:&quot;slideInLeft&quot;,&quot;animation_delay&quot;:500}\">\n\t\t\t\t\t\t<div class=\"elementor-container elementor-column-gap-extended\">\n\t\t\t\t\t\t\t<div class=\"elementor-row\">\n\t\t\t\t\t<div class=\"elementor-column elementor-col-100 elementor-top-column elementor-element elementor-element-89f7b57 sc_inner_width_none sc_content_align_inherit sc_layouts_column_icons_position_left sc_fly_static\" data-id=\"89f7b57\" data-element_type=\"column\">\n\t\t\t<div class=\"elementor-column-wrap elementor-element-populated\">\n\t\t\t\t\t\t\t<div class=\"elementor-widget-wrap\">\n\t\t\t\t\t\t<div class=\"elementor-element elementor-element-a13015c sc_fly_static elementor-widget elementor-widget-trx_sc_title\" data-id=\"a13015c\" data-element_type=\"widget\" data-widget_type=\"trx_sc_title.default\">\n\t\t\t\t<div class=\"elementor-widget-container\">\n\t\t\t<div\t\tclass=\"sc_title sc_title_default\" ><span class=\"sc_item_subtitle sc_title_subtitle sc_align_center sc_item_subtitle_above sc_item_title_style_default\">Care by injections of the cabinet<\/span><h1 class=\"sc_item_title sc_title_title sc_align_center sc_item_title_style_default sc_item_title_tag\"\n\t\t\t><span class=\"sc_item_title_text\">Adapted to each of your expectations<\/span><\/h1><\/div>\t\t<\/div>\n\t\t\t\t<\/div>\n\t\t\t\t\t\t<\/div>\n\t\t\t\t\t<\/div>\n\t\t<\/div>\n\t\t\t\t\t\t\t\t<\/div>\n\t\t\t\t\t<\/div>\n\t\t<\/section>\n\t\t\t\t<section class=\"elementor-section-with-custom-width elementor-section elementor-top-section elementor-element elementor-element-8e091f8 animated-slow elementor-section-boxed elementor-section-height-default elementor-section-height-default sc_fly_static elementor-invisible\" data-id=\"8e091f8\" data-element_type=\"section\" data-settings=\"{&quot;animation&quot;:&quot;fadeInUp&quot;,&quot;animation_delay&quot;:2000}\">\n\t\t\t\t\t\t<div class=\"elementor-container elementor-column-gap-extended\">\n\t\t\t\t\t\t\t<div class=\"elementor-row\">\n\t\t\t\t\t<div class=\"elementor-column elementor-col-50 elementor-top-column elementor-element elementor-element-d712e65 sc_inner_width_none sc_content_align_inherit sc_layouts_column_icons_position_left sc_fly_static\" data-id=\"d712e65\" data-element_type=\"column\">\n\t\t\t<div class=\"elementor-column-wrap elementor-element-populated\">\n\t\t\t\t\t\t\t<div class=\"elementor-widget-wrap\">\n\t\t\t\t\t\t<div class=\"elementor-element elementor-element-becd193 sc_fly_static elementor-widget elementor-widget-image\" data-id=\"becd193\" data-element_type=\"widget\" data-widget_type=\"image.default\">\n\t\t\t\t<div class=\"elementor-widget-container\">\n\t\t\t\t\t\t\t\t<div class=\"elementor-image\">\n\t\t\t\t\t\t\t\t\t\t\t\t\t<a href=\"https:\/\/docteurdevoir.com\/en\/acide-hyaluronique\/\">\n\t\t\t\t\t\t\t<img width=\"876\" height=\"1024\" src=\"https:\/\/docteurdevoir.com\/wp-content\/uploads\/2022\/04\/IMG_8457-1-876x1024.png\" class=\"elementor-animation-shrink attachment-large size-large\" alt=\"\" loading=\"lazy\" srcset=\"https:\/\/docteurdevoir.com\/wp-content\/uploads\/2022\/04\/IMG_8457-1-876x1024.png 876w, https:\/\/docteurdevoir.com\/wp-content\/uploads\/2022\/04\/IMG_8457-1-257x300.png 257w, https:\/\/docteurdevoir.com\/wp-content\/uploads\/2022\/04\/IMG_8457-1-768x897.png 768w, https:\/\/docteurdevoir.com\/wp-content\/uploads\/2022\/04\/IMG_8457-1-1315x1536.png 1315w, https:\/\/docteurdevoir.com\/wp-content\/uploads\/2022\/04\/IMG_8457-1-1753x2048.png 1753w, https:\/\/docteurdevoir.com\/wp-content\/uploads\/2022\/04\/IMG_8457-1-370x432.png 370w, https:\/\/docteurdevoir.com\/wp-content\/uploads\/2022\/04\/IMG_8457-1-840x981.png 840w, https:\/\/docteurdevoir.com\/wp-content\/uploads\/2022\/04\/IMG_8457-1-410x479.png 410w, https:\/\/docteurdevoir.com\/wp-content\/uploads\/2022\/04\/IMG_8457-1.png 1918w\" sizes=\"(max-width: 876px) 100vw, 876px\" \/>\t\t\t\t\t\t\t\t<\/a>\n\t\t\t\t\t\t\t\t\t\t\t\t\t\t<\/div>\n\t\t\t\t\t\t<\/div>\n\t\t\t\t<\/div>\n\t\t\t\t<div class=\"elementor-element elementor-element-9b04d2c e-transform e-transform sc_fly_static elementor-widget elementor-widget-heading\" data-id=\"9b04d2c\" data-element_type=\"widget\" data-settings=\"{&quot;_transform_translateX_effect_hover&quot;:{&quot;unit&quot;:&quot;px&quot;,&quot;size&quot;:&quot;&quot;,&quot;sizes&quot;:[]},&quot;_transform_translateX_effect_hover_tablet&quot;:{&quot;unit&quot;:&quot;px&quot;,&quot;size&quot;:&quot;&quot;,&quot;sizes&quot;:[]},&quot;_transform_translateX_effect_hover_mobile&quot;:{&quot;unit&quot;:&quot;px&quot;,&quot;size&quot;:&quot;&quot;,&quot;sizes&quot;:[]},&quot;_transform_translateY_effect_hover&quot;:{&quot;unit&quot;:&quot;px&quot;,&quot;size&quot;:&quot;&quot;,&quot;sizes&quot;:[]},&quot;_transform_translateY_effect_hover_tablet&quot;:{&quot;unit&quot;:&quot;px&quot;,&quot;size&quot;:&quot;&quot;,&quot;sizes&quot;:[]},&quot;_transform_translateY_effect_hover_mobile&quot;:{&quot;unit&quot;:&quot;px&quot;,&quot;size&quot;:&quot;&quot;,&quot;sizes&quot;:[]},&quot;_transform_scale_effect_hover&quot;:{&quot;unit&quot;:&quot;px&quot;,&quot;size&quot;:&quot;&quot;,&quot;sizes&quot;:[]},&quot;_transform_scale_effect_hover_tablet&quot;:{&quot;unit&quot;:&quot;px&quot;,&quot;size&quot;:&quot;&quot;,&quot;sizes&quot;:[]},&quot;_transform_scale_effect_hover_mobile&quot;:{&quot;unit&quot;:&quot;px&quot;,&quot;size&quot;:&quot;&quot;,&quot;sizes&quot;:[]}}\" data-widget_type=\"heading.default\">\n\t\t\t\t<div class=\"elementor-widget-container\">\n\t\t\t<h3 data-mouse-helper=\"highlight\" class=\"elementor-heading-title elementor-size-default\"><a href=\"https:\/\/docteurdevoir.com\/en\/acide-hyaluronique\/\">Hyaluronic Acid<\/a><\/h3>\t\t<\/div>\n\t\t\t\t<\/div>\n\t\t\t\t<div class=\"elementor-element elementor-element-fc23a9e sc_fly_static elementor-widget elementor-widget-text-editor\" data-id=\"fc23a9e\" data-element_type=\"widget\" data-widget_type=\"text-editor.default\">\n\t\t\t\t<div class=\"elementor-widget-container\">\n\t\t\t\t\t\t\t\t<div class=\"elementor-text-editor elementor-clearfix\">\n\t\t\t\t<p>Improve the hydration and firmness <br \/>of your skin, reduce wrinkles and fine lines &amp; redefine the volumes and contours of your face.<\/p>\t\t\t\t\t<\/div>\n\t\t\t\t\t\t<\/div>\n\t\t\t\t<\/div>\n\t\t\t\t\t\t<\/div>\n\t\t\t\t\t<\/div>\n\t\t<\/div>\n\t\t\t\t<div class=\"elementor-column elementor-col-50 elementor-top-column elementor-element elementor-element-8f81751 sc_inner_width_none sc_content_align_inherit sc_layouts_column_icons_position_left sc_fly_static\" data-id=\"8f81751\" data-element_type=\"column\">\n\t\t\t<div class=\"elementor-column-wrap elementor-element-populated\">\n\t\t\t\t\t\t\t<div class=\"elementor-widget-wrap\">\n\t\t\t\t\t\t<div class=\"elementor-element elementor-element-3f6704c sc_fly_static elementor-widget elementor-widget-image\" data-id=\"3f6704c\" data-element_type=\"widget\" data-widget_type=\"image.default\">\n\t\t\t\t<div class=\"elementor-widget-container\">\n\t\t\t\t\t\t\t\t<div class=\"elementor-image\">\n\t\t\t\t\t\t\t\t\t\t\t\t\t<a href=\"https:\/\/docteurdevoir.com\/en\/skin-booster\/\">\n\t\t\t\t\t\t\t<img width=\"876\" height=\"1024\" src=\"https:\/\/docteurdevoir.com\/wp-content\/uploads\/2022\/04\/IMG_8457-876x1024.png\" class=\"elementor-animation-shrink attachment-large size-large\" alt=\"\" loading=\"lazy\" srcset=\"https:\/\/docteurdevoir.com\/wp-content\/uploads\/2022\/04\/IMG_8457-876x1024.png 876w, https:\/\/docteurdevoir.com\/wp-content\/uploads\/2022\/04\/IMG_8457-257x300.png 257w, https:\/\/docteurdevoir.com\/wp-content\/uploads\/2022\/04\/IMG_8457-768x897.png 768w, https:\/\/docteurdevoir.com\/wp-content\/uploads\/2022\/04\/IMG_8457-1315x1536.png 1315w, https:\/\/docteurdevoir.com\/wp-content\/uploads\/2022\/04\/IMG_8457-1753x2048.png 1753w, https:\/\/docteurdevoir.com\/wp-content\/uploads\/2022\/04\/IMG_8457-370x432.png 370w, https:\/\/docteurdevoir.com\/wp-content\/uploads\/2022\/04\/IMG_8457-840x981.png 840w, https:\/\/docteurdevoir.com\/wp-content\/uploads\/2022\/04\/IMG_8457-410x479.png 410w, https:\/\/docteurdevoir.com\/wp-content\/uploads\/2022\/04\/IMG_8457.png 1918w\" sizes=\"(max-width: 876px) 100vw, 876px\" \/>\t\t\t\t\t\t\t\t<\/a>\n\t\t\t\t\t\t\t\t\t\t\t\t\t\t<\/div>\n\t\t\t\t\t\t<\/div>\n\t\t\t\t<\/div>\n\t\t\t\t<div class=\"elementor-element elementor-element-8333e3c sc_fly_static elementor-widget elementor-widget-heading\" data-id=\"8333e3c\" data-element_type=\"widget\" data-widget_type=\"heading.default\">\n\t\t\t\t<div class=\"elementor-widget-container\">\n\t\t\t<h3 class=\"elementor-heading-title elementor-size-default\"><a href=\"https:\/\/docteurdevoir.com\/en\/skin-booster\/\">Skin Booster & Biostimulation<\/a><\/h3>\t\t<\/div>\n\t\t\t\t<\/div>\n\t\t\t\t<div class=\"elementor-element elementor-element-0505441 sc_fly_static elementor-widget elementor-widget-text-editor\" data-id=\"0505441\" data-element_type=\"widget\" data-widget_type=\"text-editor.default\">\n\t\t\t\t<div class=\"elementor-widget-container\">\n\t\t\t\t\t\t\t\t<div class=\"elementor-text-editor elementor-clearfix\">\n\t\t\t\t<p>Restore the elasticity of the skin of the face, neckline and hands, giving them back <br \/>their radiance and firmness.<\/p>\t\t\t\t\t<\/div>\n\t\t\t\t\t\t<\/div>\n\t\t\t\t<\/div>\n\t\t\t\t\t\t<\/div>\n\t\t\t\t\t<\/div>\n\t\t<\/div>\n\t\t\t\t\t\t\t\t<\/div>\n\t\t\t\t\t<\/div>\n\t\t<\/section>\n\t\t\t\t<section class=\"elementor-section elementor-top-section elementor-element elementor-element-b76841b elementor-section-boxed elementor-section-height-default elementor-section-height-default sc_fly_static\" data-id=\"b76841b\" data-element_type=\"section\">\n\t\t\t\t\t\t<div class=\"elementor-container elementor-column-gap-extended\">\n\t\t\t\t\t\t\t<div class=\"elementor-row\">\n\t\t\t\t\t<div class=\"elementor-column elementor-col-100 elementor-top-column elementor-element elementor-element-c4986a3 sc_inner_width_none sc_content_align_inherit sc_layouts_column_icons_position_left sc_fly_static\" data-id=\"c4986a3\" data-element_type=\"column\">\n\t\t\t<div class=\"elementor-column-wrap elementor-element-populated\">\n\t\t\t\t\t\t\t<div class=\"elementor-widget-wrap\">\n\t\t\t\t\t\t<div class=\"elementor-element elementor-element-e355102 sc_fly_static elementor-widget elementor-widget-spacer\" data-id=\"e355102\" data-element_type=\"widget\" data-widget_type=\"spacer.default\">\n\t\t\t\t<div class=\"elementor-widget-container\">\n\t\t\t\t\t<div class=\"elementor-spacer\">\n\t\t\t<div class=\"elementor-spacer-inner\"><\/div>\n\t\t<\/div>\n\t\t\t\t<\/div>\n\t\t\t\t<\/div>\n\t\t\t\t\t\t<\/div>\n\t\t\t\t\t<\/div>\n\t\t<\/div>\n\t\t\t\t\t\t\t\t<\/div>\n\t\t\t\t\t<\/div>\n\t\t<\/section>\n\t\t\t\t\t\t\t\t\t<\/div>\n\t\t\t<\/div>\n\t\t\t\t\t<\/div>","protected":false},"excerpt":{"rendered":"<p>Les soins par injections du cabinet Adapt\u00e9s \u00e0 chacune de vos attentes Acide Hyaluronique Am\u00e9liorer l&#8217;hydratation et la fermet\u00e9 de votre peau, att\u00e9nuer rides et ridules &amp; red\u00e9finir les volumes&hellip;<\/p>","protected":false},"author":2,"featured_media":0,"parent":0,"menu_order":0,"comment_status":"closed","ping_status":"closed","template":"","meta":[],"_links":{"self":[{"href":"https:\/\/docteurdevoir.com\/en\/wp-json\/wp\/v2\/pages\/17868"}],"collection":[{"href":"https:\/\/docteurdevoir.com\/en\/wp-json\/wp\/v2\/pages"}],"about":[{"href":"https:\/\/docteurdevoir.com\/en\/wp-json\/wp\/v2\/types\/page"}],"author":[{"embeddable":true,"href":"https:\/\/docteurdevoir.com\/en\/wp-json\/wp\/v2\/users\/2"}],"replies":[{"embeddable":true,"href":"https:\/\/docteurdevoir.com\/en\/wp-json\/wp\/v2\/comments?post=17868"}],"version-history":[{"count":64,"href":"https:\/\/docteurdevoir.com\/en\/wp-json\/wp\/v2\/pages\/17868\/revisions"}],"predecessor-version":[{"id":18839,"href":"https:\/\/docteurdevoir.com\/en\/wp-json\/wp\/v2\/pages\/17868\/revisions\/18839"}],"wp:attachment":[{"href":"https:\/\/docteurdevoir.com\/en\/wp-json\/wp\/v2\/media?parent=17868"}],"curies":[{"name":"wp","href":"https:\/\/api.w.org\/{rel}","templated":true}]}}