{"id":18001,"date":"2022-03-26T16:43:30","date_gmt":"2022-03-26T16:43:30","guid":{"rendered":"https:\/\/docteurdevoir.com\/?page_id=18001"},"modified":"2023-07-27T07:22:06","modified_gmt":"2023-07-27T07:22:06","slug":"txbt","status":"publish","type":"page","link":"https:\/\/docteurdevoir.com\/en\/txbt\/","title":{"rendered":"Botulinum Toxin"},"content":{"rendered":"<div data-elementor-type=\"wp-page\" data-elementor-id=\"18001\" class=\"elementor elementor-18001\">\n\t\t\t\t\t\t<div class=\"elementor-inner\">\n\t\t\t\t<div class=\"elementor-section-wrap\">\n\t\t\t\t\t\t\t\t\t<section class=\"elementor-section elementor-top-section elementor-element elementor-element-5ce860d elementor-section-boxed elementor-section-height-default elementor-section-height-default sc_fly_static\" data-id=\"5ce860d\" data-element_type=\"section\">\n\t\t\t\t\t\t<div class=\"elementor-container elementor-column-gap-extended\">\n\t\t\t\t\t\t\t<div class=\"elementor-row\">\n\t\t\t\t\t<div class=\"elementor-column elementor-col-100 elementor-top-column elementor-element elementor-element-36bbf9a sc_inner_width_none sc_content_align_inherit sc_layouts_column_icons_position_left sc_fly_static\" data-id=\"36bbf9a\" data-element_type=\"column\">\n\t\t\t<div class=\"elementor-column-wrap elementor-element-populated\">\n\t\t\t\t\t\t\t<div class=\"elementor-widget-wrap\">\n\t\t\t\t\t\t<div class=\"elementor-element elementor-element-2c41ddf sc_height_huge sc_fly_static elementor-widget elementor-widget-spacer\" data-id=\"2c41ddf\" data-element_type=\"widget\" data-widget_type=\"spacer.default\">\n\t\t\t\t<div class=\"elementor-widget-container\">\n\t\t\t\t\t<div class=\"elementor-spacer\">\n\t\t\t<div class=\"elementor-spacer-inner\"><\/div>\n\t\t<\/div>\n\t\t\t\t<\/div>\n\t\t\t\t<\/div>\n\t\t\t\t\t\t<\/div>\n\t\t\t\t\t<\/div>\n\t\t<\/div>\n\t\t\t\t\t\t\t\t<\/div>\n\t\t\t\t\t<\/div>\n\t\t<\/section>\n\t\t\t\t<section class=\"elementor-section elementor-top-section elementor-element elementor-element-290557d elementor-section-boxed elementor-section-height-default elementor-section-height-default sc_fly_static\" data-id=\"290557d\" data-element_type=\"section\">\n\t\t\t\t\t\t<div class=\"elementor-container elementor-column-gap-extended\">\n\t\t\t\t\t\t\t<div class=\"elementor-row\">\n\t\t\t\t\t<div class=\"elementor-column elementor-col-100 elementor-top-column elementor-element elementor-element-0072d3d sc_inner_width_none sc_content_align_inherit sc_layouts_column_icons_position_left sc_fly_static\" data-id=\"0072d3d\" data-element_type=\"column\">\n\t\t\t<div class=\"elementor-column-wrap elementor-element-populated\">\n\t\t\t\t\t\t\t<div class=\"elementor-widget-wrap\">\n\t\t\t\t\t\t<div class=\"elementor-element elementor-element-30b0c81 sc_fly_static elementor-widget elementor-widget-trx_sc_title\" data-id=\"30b0c81\" data-element_type=\"widget\" data-widget_type=\"trx_sc_title.default\">\n\t\t\t\t<div class=\"elementor-widget-container\">\n\t\t\t<div\t\tclass=\"sc_title sc_title_default\" ><span class=\"sc_item_subtitle sc_title_subtitle sc_item_subtitle_above sc_item_title_style_default\">Botulinum toxin (Botox)<\/span><h1 class=\"sc_item_title sc_title_title sc_item_title_style_default sc_item_title_tag\"\n\t\t\t><span class=\"sc_item_title_text\">For smoother skin, smoother wrinkles, a more open look and a more rested and relaxed face.<\/span><\/h1><\/div>\t\t<\/div>\n\t\t\t\t<\/div>\n\t\t\t\t\t\t<\/div>\n\t\t\t\t\t<\/div>\n\t\t<\/div>\n\t\t\t\t\t\t\t\t<\/div>\n\t\t\t\t\t<\/div>\n\t\t<\/section>\n\t\t\t\t<section class=\"elementor-section elementor-top-section elementor-element elementor-element-b5121bf animated-slow elementor-section-boxed elementor-section-height-default elementor-section-height-default sc_fly_static elementor-invisible\" data-id=\"b5121bf\" data-element_type=\"section\" data-settings=\"{&quot;animation&quot;:&quot;fadeIn&quot;}\">\n\t\t\t\t\t\t<div class=\"elementor-container elementor-column-gap-extended\">\n\t\t\t\t\t\t\t<div class=\"elementor-row\">\n\t\t\t\t\t<div class=\"elementor-column elementor-col-66 elementor-top-column elementor-element elementor-element-83d7f77 sc_inner_width_none sc_content_align_inherit sc_layouts_column_icons_position_left sc_fly_static\" data-id=\"83d7f77\" data-element_type=\"column\">\n\t\t\t<div class=\"elementor-column-wrap elementor-element-populated\">\n\t\t\t\t\t\t\t<div class=\"elementor-widget-wrap\">\n\t\t\t\t\t\t<div class=\"elementor-element elementor-element-12efe48 elementor-aspect-ratio-169 sc_fly_static elementor-widget elementor-widget-video\" data-id=\"12efe48\" data-element_type=\"widget\" data-settings=\"{&quot;video_type&quot;:&quot;hosted&quot;,&quot;autoplay&quot;:&quot;yes&quot;,&quot;loop&quot;:&quot;yes&quot;,&quot;controls&quot;:&quot;yes&quot;,&quot;aspect_ratio&quot;:&quot;169&quot;}\" data-widget_type=\"video.default\">\n\t\t\t\t<div class=\"elementor-widget-container\">\n\t\t\t\t\t<div class=\"e-hosted-video elementor-wrapper elementor-fit-aspect-ratio elementor-open-inline\">\n\t\t\t\t\t<video class=\"elementor-video\" src=\"https:\/\/docteurdevoir.com\/wp-content\/uploads\/2022\/04\/WhatsApp-Video-2022-04-01-at-17.56.00.mp4\" autoplay=\"\" loop=\"\" controls=\"\" controlslist=\"nodownload\"><\/video>\n\t\t\t\t<\/div>\n\t\t\t\t<\/div>\n\t\t\t\t<\/div>\n\t\t\t\t\t\t<\/div>\n\t\t\t\t\t<\/div>\n\t\t<\/div>\n\t\t\t\t<div class=\"elementor-column elementor-col-33 elementor-top-column elementor-element elementor-element-e13f765 sc_inner_width_none sc_content_align_inherit sc_layouts_column_icons_position_left sc_fly_static\" data-id=\"e13f765\" data-element_type=\"column\">\n\t\t\t<div class=\"elementor-column-wrap elementor-element-populated\">\n\t\t\t\t\t\t\t<div class=\"elementor-widget-wrap\">\n\t\t\t\t\t\t<div class=\"elementor-element elementor-element-181057f sc_fly_static elementor-widget elementor-widget-text-editor\" data-id=\"181057f\" data-element_type=\"widget\" data-widget_type=\"text-editor.default\">\n\t\t\t\t<div class=\"elementor-widget-container\">\n\t\t\t\t\t\t\t\t<div class=\"elementor-text-editor elementor-clearfix\">\n\t\t\t\t\t\t\t\t\t<\/div>\n\t\t\t\t\t\t<\/div>\n\t\t\t\t<\/div>\n\t\t\t\t<div class=\"elementor-element elementor-element-990c620 scheme_dark elementor-widget__width-initial elementor-widget-tablet__width-initial elementor-widget-mobile__width-inherit elementor-absolute extra-icon-padding sc_fly_static elementor-widget elementor-widget-trx_sc_icons\" data-id=\"990c620\" data-element_type=\"widget\" data-settings=\"{&quot;_position&quot;:&quot;absolute&quot;}\" data-widget_type=\"trx_sc_icons.default\">\n\t\t\t\t<div class=\"elementor-widget-container\">\n\t\t\t<div \tclass=\"sc_icons scheme_dark sc_icons_fill sc_icons_size_medium sc_align_center\" ><div class=\"sc_icons_item with_more\"><div class=\"sc_icons_icon sc_icon_type_svg\" style=\"color: #FFFFFF\" ><svg xmlns=\"http:\/\/www.w3.org\/2000\/svg\" xmlns:xlink=\"http:\/\/www.w3.org\/1999\/xlink\" id=\"Layer_1\" x=\"0px\" y=\"0px\" viewbox=\"0 0 512.002 512.002\" style=\"enable-background:new 0 0 512.002 512.002;\" xml:space=\"preserve\"><g>\t<g>\t\t<path d=\"M469.336,76.801c-7.689,0-22.588,1.988-35.9,15.3l-42.24,42.24l-13.363-13.363l42.069-42.411   c13.312-13.312,15.3-28.203,15.3-35.9c0-23.526-19.14-42.667-42.667-42.667c-23.526,0-42.667,19.14-42.667,42.667   c0,13.824,6.741,26.846,18.031,34.85c3.849,2.731,9.173,1.818,11.896-2.022c2.722-3.849,1.826-9.173-2.022-11.895   c-6.784-4.813-10.837-12.638-10.837-20.932c0-14.114,11.486-25.6,25.6-25.6c14.114,0,25.6,11.486,25.6,25.6   c0,8.602-3.755,17.289-10.325,23.859l-42.044,42.385l-35.635-35.644c-6.647-6.647-17.468-6.656-24.149,0L205.963,173.296   c-3.337,3.328-3.337,8.73,0,12.066c3.328,3.328,8.73,3.328,12.066,0L318.057,85.334l66.807,66.799   c0.094,0.111,0.128,0.256,0.239,0.367c0.111,0.111,0.247,0.145,0.367,0.239l41.199,41.207l-84.727,84.727l-20.173-20.173   c-3.337-3.336-8.73-3.336-12.066,0c-3.336,3.337-3.336,8.73,0,12.066l20.173,20.173l-39.134,39.134l-20.173-20.173   c-3.337-3.336-8.73-3.336-12.066,0c-3.336,3.337-3.336,8.73,0,12.066l20.173,20.173l-39.134,39.134l-20.173-20.173   c-3.336-3.336-8.73-3.336-12.066,0c-3.337,3.337-3.337,8.73,0,12.066l20.173,20.173l-11.998,11.998   c-9.668,9.668-26.53,9.66-36.207,0l-12.066-12.066c-1.604-1.604-3.772-2.5-6.033-2.5s-4.437,0.896-6.033,2.5l-30.165,30.165   L88.766,387.03l30.165-30.165c3.337-3.337,3.337-8.738,0-12.066l-12.066-12.066c-4.779-4.779-7.569-11.213-7.859-18.108   c-0.265-6.153,1.604-11.844,4.992-15.232l77.534-77.525h193.937c4.719,0,8.533-3.823,8.533-8.533c0-4.71-3.814-8.533-8.533-8.533   h-197.47c-2.261,0-4.429,0.896-6.033,2.5l-80.034,80.017c-6.81,6.818-10.453,17.033-9.975,28.032   c0.478,11.187,5.035,21.641,12.843,29.448l6.033,6.033L76.7,374.964c-6.656,6.656-6.656,17.485,0,24.141l12.066,12.066   L2.502,497.435c-3.336,3.337-3.336,8.73,0,12.066c1.664,1.664,3.849,2.5,6.033,2.5c2.185,0,4.369-0.836,6.033-2.5l86.263-86.263   l12.066,12.066c3.328,3.328,7.697,4.992,12.075,4.992c4.369,0,8.738-1.664,12.066-4.992l24.132-24.132l6.033,6.033   c8.064,8.055,18.773,12.493,30.174,12.493c11.392,0,22.11-4.437,30.165-12.493l211.191-211.191c6.656-6.656,6.656-17.476,0-24.132   l-35.473-35.473l42.24-42.24c6.554-6.545,15.232-10.3,23.834-10.3c14.114,0,25.6,11.486,25.6,25.6s-11.486,25.6-25.6,25.6   c-8.294,0-16.12-4.053-20.932-10.837c-2.714-3.849-8.047-4.753-11.896-2.031c-3.849,2.731-4.745,8.055-2.022,11.895   c8.004,11.298,21.035,18.039,34.85,18.039c23.526,0,42.667-19.14,42.667-42.667S492.862,76.801,469.336,76.801z\"><\/path>\t<\/g><\/g><g><\/g><g><\/g><g><\/g><g><\/g><g><\/g><g><\/g><g><\/g><g><\/g><g><\/g><g><\/g><g><\/g><g><\/g><g><\/g><g><\/g><g><\/g><\/svg><\/div><div class=\"sc_icons_item_details\"><h4 class=\"sc_icons_item_title\"><span>Prevention &amp; Treatment of Wrinkles<\/span><\/h4><div class=\"sc_icons_item_description\"><span>For a smoother face, relaxed skin and an open look<\/span><\/div><\/div><\/div><\/div><!-- \/.sc_icons -->\t\t<\/div>\n\t\t\t\t<\/div>\n\t\t\t\t\t\t<\/div>\n\t\t\t\t\t<\/div>\n\t\t<\/div>\n\t\t\t\t\t\t\t\t<\/div>\n\t\t\t\t\t<\/div>\n\t\t<\/section>\n\t\t\t\t<section class=\"elementor-section elementor-top-section elementor-element elementor-element-0079c8a animated-slow elementor-section-boxed elementor-section-height-default elementor-section-height-default sc_fly_static elementor-invisible\" data-id=\"0079c8a\" data-element_type=\"section\" data-settings=\"{&quot;animation&quot;:&quot;fadeIn&quot;}\">\n\t\t\t\t\t\t<div class=\"elementor-container elementor-column-gap-extended\">\n\t\t\t\t\t\t\t<div class=\"elementor-row\">\n\t\t\t\t\t<div class=\"elementor-column elementor-col-66 elementor-top-column elementor-element elementor-element-2450e31 sc_inner_width_none sc_content_align_inherit sc_layouts_column_icons_position_left sc_fly_static\" data-id=\"2450e31\" data-element_type=\"column\">\n\t\t\t<div class=\"elementor-column-wrap\">\n\t\t\t\t\t\t\t<div class=\"elementor-widget-wrap\">\n\t\t\t\t\t\t\t\t<\/div>\n\t\t\t\t\t<\/div>\n\t\t<\/div>\n\t\t\t\t<div class=\"elementor-column elementor-col-33 elementor-top-column elementor-element elementor-element-a962ca5 sc_inner_width_none sc_content_align_inherit sc_layouts_column_icons_position_left sc_fly_static\" data-id=\"a962ca5\" data-element_type=\"column\">\n\t\t\t<div class=\"elementor-column-wrap\">\n\t\t\t\t\t\t\t<div class=\"elementor-widget-wrap\">\n\t\t\t\t\t\t\t\t<\/div>\n\t\t\t\t\t<\/div>\n\t\t<\/div>\n\t\t\t\t\t\t\t\t<\/div>\n\t\t\t\t\t<\/div>\n\t\t<\/section>\n\t\t\t\t<section class=\"elementor-section elementor-top-section elementor-element elementor-element-34885b0 elementor-section-boxed elementor-section-height-default elementor-section-height-default sc_fly_static\" data-id=\"34885b0\" data-element_type=\"section\">\n\t\t\t\t\t\t<div class=\"elementor-container elementor-column-gap-extended\">\n\t\t\t\t\t\t\t<div class=\"elementor-row\">\n\t\t\t\t\t<div class=\"elementor-column elementor-col-100 elementor-top-column elementor-element elementor-element-5543615 sc_inner_width_none sc_content_align_inherit sc_layouts_column_icons_position_left sc_fly_static\" data-id=\"5543615\" data-element_type=\"column\">\n\t\t\t<div class=\"elementor-column-wrap elementor-element-populated\">\n\t\t\t\t\t\t\t<div class=\"elementor-widget-wrap\">\n\t\t\t\t\t\t<div class=\"elementor-element elementor-element-6957399 sc_fly_static elementor-widget elementor-widget-text-editor\" data-id=\"6957399\" data-element_type=\"widget\" data-widget_type=\"text-editor.default\">\n\t\t\t\t<div class=\"elementor-widget-container\">\n\t\t\t\t\t\t\t\t<div class=\"elementor-text-editor elementor-clearfix\">\n\t\t\t\t<p>Botulinum toxin (botox) is a natural protein substance synthesized by the bacterium Clostridium botulinum, with exceptional neuromuscular properties.<\/p><p class=\" translation-block\">This <span style=\"color: #72c5e2\">drug has been used since 1989 in a large number of medical indications<\/span>, in neurology, ophthalmology, urology, pediatrics... It was in 1992 that its use became common in aesthetic medicine.<\/p><p class=\" translation-block\">Botox injections, in very low doses, and in a medical setting, are used to <strong>temporarily block or weaken the muscles responsible for facial expressions<\/strong>, which participate in the installation or accentuation of expression lines. Thus, injected into certain muscles of the skin, <span style=\"text-decoration: underline\"><span style=\"color: #72c5e2;text-decoration: underline\">ce<\/span> <span style=\"color: #72c5e2;text-decoration: underline\">treatment prevents or treats the appearance of wrinkles.<\/span><\/span><\/p><p>The skin is smoother, wrinkles are smoothed out, the eyes are more open and the face appears more rested and relaxed. For very deep wrinkles, this treatment may be limited or insufficient, and other techniques may be necessary to remove them.<\/p>\t\t\t\t\t<\/div>\n\t\t\t\t\t\t<\/div>\n\t\t\t\t<\/div>\n\t\t\t\t\t\t<\/div>\n\t\t\t\t\t<\/div>\n\t\t<\/div>\n\t\t\t\t\t\t\t\t<\/div>\n\t\t\t\t\t<\/div>\n\t\t<\/section>\n\t\t\t\t<section data-parallax-params=\"{&quot;x&quot;:0,&quot;x_unit&quot;:&quot;px&quot;,&quot;y&quot;:0,&quot;y_unit&quot;:&quot;px&quot;,&quot;scale&quot;:0,&quot;rotate&quot;:0,&quot;opacity&quot;:0,&quot;duration&quot;:1,&quot;squeeze&quot;:1,&quot;amplitude&quot;:40,&quot;text&quot;:&quot;block&quot;,&quot;mouse&quot;:0,&quot;mouse_type&quot;:&quot;transform3d&quot;,&quot;mouse_tilt_amount&quot;:70,&quot;mouse_speed&quot;:10,&quot;mouse_z&quot;:&quot;&quot;,&quot;mouse_handler&quot;:&quot;row&quot;,&quot;ease&quot;:&quot;power2&quot;}\" class=\"elementor-section elementor-top-section elementor-element elementor-element-e01d7f2 elementor-section-stretched sc_parallax elementor-section-boxed elementor-section-height-default elementor-section-height-default sc_fly_static\" data-id=\"e01d7f2\" data-element_type=\"section\" data-settings=\"{&quot;stretch_section&quot;:&quot;section-stretched&quot;,&quot;background_background&quot;:&quot;classic&quot;}\">\n\t\t\t\t\t\t<div class=\"elementor-container elementor-column-gap-default\">\n\t\t\t\t\t\t\t<div class=\"elementor-row\">\n\t\t\t\t\t<div class=\"elementor-column elementor-col-100 elementor-top-column elementor-element elementor-element-41ec75a sc_inner_width_none sc_content_align_inherit sc_layouts_column_icons_position_left sc_fly_static\" data-id=\"41ec75a\" data-element_type=\"column\">\n\t\t\t<div class=\"elementor-column-wrap elementor-element-populated\">\n\t\t\t\t\t\t\t<div class=\"elementor-widget-wrap\">\n\t\t\t\t\t\t<div class=\"elementor-element elementor-element-a13015c animated-slow animation_type_block sc_fly_static elementor-invisible elementor-widget elementor-widget-trx_sc_title\" data-id=\"a13015c\" data-element_type=\"widget\" data-settings=\"{&quot;_animation&quot;:&quot;fadeInUp&quot;}\" data-widget_type=\"trx_sc_title.default\">\n\t\t\t\t<div class=\"elementor-widget-container\">\n\t\t\t<div\t\tclass=\"sc_title sc_title_default\" ><span class=\"sc_item_subtitle sc_title_subtitle sc_align_center sc_item_subtitle_above sc_item_title_style_default\">BEFORE MAKING AN APPOINTMENT<\/span><h1 class=\"sc_item_title sc_title_title sc_align_center sc_item_title_style_default sc_item_title_tag\"\n\t\t\t><span class=\"sc_item_title_text\">Additional Information<\/span><\/h1><\/div>\t\t<\/div>\n\t\t\t\t<\/div>\n\t\t\t\t<div class=\"elementor-element elementor-element-e075691 elementor-position-left animated-slow elementor-view-default elementor-mobile-position-top elementor-vertical-align-top animation_type_block sc_fly_static elementor-invisible elementor-widget elementor-widget-icon-box\" data-id=\"e075691\" data-element_type=\"widget\" data-settings=\"{&quot;_animation&quot;:&quot;fadeInUp&quot;}\" data-widget_type=\"icon-box.default\">\n\t\t\t\t<div class=\"elementor-widget-container\">\n\t\t\t\t\t<div class=\"elementor-icon-box-wrapper\">\n\t\t\t\t\t\t<div class=\"elementor-icon-box-icon\">\n\t\t\t\t<span class=\"elementor-icon elementor-animation-\" >\n\t\t\t\t<i aria-hidden=\"true\" class=\"fab fa-gg\"><\/i>\t\t\t\t<\/span>\n\t\t\t<\/div>\n\t\t\t\t\t\t<div class=\"elementor-icon-box-content\">\n\t\t\t\t<h3 class=\"elementor-icon-box-title\">\n\t\t\t\t\t<span  >\n\t\t\t\t\t\tThe treatment\t\t\t\t\t<\/span>\n\t\t\t\t<\/h3>\n\t\t\t\t\t\t\t\t\t<p class=\"elementor-icon-box-description\">\n\t\t\t\t\t\tThe treatment consists of injecting botulinum toxin in liquid form using extremely fine needles, which makes the injection almost painless.\nThe muscles usually injected in aesthetic medicine are those of the glabella (inter-brow muscles), the forehead and the orbital rim.\n<br>\n<br>\nThe doses are subtly adapted to the morphology of the muscles and the anatomy of the patient, on a case by case basis. \nThe desired effect of relaxation or immobilization of the muscles is temporary and lasts from 4 to 6 months.\n<br><br>\nIt is also delayed by a few days after the injection and reaches its peak after 15 to 30 days. The injection of botulinum toxin can be associated with the injection of hyaluronic acid.\n\t\t\t\t\t<\/p>\n\t\t\t\t\t\t\t<\/div>\n\t\t<\/div>\n\t\t\t\t<\/div>\n\t\t\t\t<\/div>\n\t\t\t\t<div class=\"elementor-element elementor-element-30f964a elementor-position-left animated-slow elementor-view-default elementor-mobile-position-top elementor-vertical-align-top animation_type_block sc_fly_static elementor-invisible elementor-widget elementor-widget-icon-box\" data-id=\"30f964a\" data-element_type=\"widget\" data-settings=\"{&quot;_animation&quot;:&quot;fadeInUp&quot;}\" data-widget_type=\"icon-box.default\">\n\t\t\t\t<div class=\"elementor-widget-container\">\n\t\t\t\t\t<div class=\"elementor-icon-box-wrapper\">\n\t\t\t\t\t\t<div class=\"elementor-icon-box-icon\">\n\t\t\t\t<span class=\"elementor-icon elementor-animation-\" >\n\t\t\t\t<i aria-hidden=\"true\" class=\"fab fa-gg\"><\/i>\t\t\t\t<\/span>\n\t\t\t<\/div>\n\t\t\t\t\t\t<div class=\"elementor-icon-box-content\">\n\t\t\t\t<h3 class=\"elementor-icon-box-title\">\n\t\t\t\t\t<span  >\n\t\t\t\t\t\tImmediate aftermath of the injections\t\t\t\t\t<\/span>\n\t\t\t\t<\/h3>\n\t\t\t\t\t\t\t\t\t<p class=\"elementor-icon-box-description\">\n\t\t\t\t\t\tRedness and swelling may appear and persist for a few minutes to an hour after the injection. This treatment does not require a work stoppage and patients can resume their activities immediately. No social eviction is required.\n<br>\n<br>\nHowever, it is recommended to avoid lying down, putting the head down or completely backwards, massaging the injection areas, doing intensive sports, wearing a helmet, a cap or a hat that is too tight as well as swimming goggles in the four hours following the procedure.\nAlso avoid exposure to high temperatures (sun, sauna or steam room) for 24 hours.\n\t\t\t\t\t<\/p>\n\t\t\t\t\t\t\t<\/div>\n\t\t<\/div>\n\t\t\t\t<\/div>\n\t\t\t\t<\/div>\n\t\t\t\t<div class=\"elementor-element elementor-element-4b92d0d elementor-position-left animated-slow elementor-view-default elementor-mobile-position-top elementor-vertical-align-top animation_type_block sc_fly_static elementor-invisible elementor-widget elementor-widget-icon-box\" data-id=\"4b92d0d\" data-element_type=\"widget\" data-settings=\"{&quot;_animation&quot;:&quot;fadeInUp&quot;}\" data-widget_type=\"icon-box.default\">\n\t\t\t\t<div class=\"elementor-widget-container\">\n\t\t\t\t\t<div class=\"elementor-icon-box-wrapper\">\n\t\t\t\t\t\t<div class=\"elementor-icon-box-icon\">\n\t\t\t\t<span class=\"elementor-icon elementor-animation-\" >\n\t\t\t\t<i aria-hidden=\"true\" class=\"fab fa-gg\"><\/i>\t\t\t\t<\/span>\n\t\t\t<\/div>\n\t\t\t\t\t\t<div class=\"elementor-icon-box-content\">\n\t\t\t\t<h3 class=\"elementor-icon-box-title\">\n\t\t\t\t\t<span  >\n\t\t\t\t\t\tUndesirable side effects\t\t\t\t\t<\/span>\n\t\t\t\t<\/h3>\n\t\t\t\t\t\t\t\t\t<p class=\"elementor-icon-box-description\">\n\t\t\t\t\t\tHematomas or bruises are possible as with any injection. Headaches are quite frequent, lasting one to several days. A transient dryness of the eyes is rarely observed. A transient edema of the eyelids is sometimes observed.\nNerve injury is exceptional.\n\nThe main inconvenient complication related to the action of botulinum toxin is the temporary undesired paralysis of another muscle of the face and a discrete relaxation of the eyelid or the eyebrow. \nThese side effects are temporary, lasting from a few days to one month. \n\t\t\t\t\t<\/p>\n\t\t\t\t\t\t\t<\/div>\n\t\t<\/div>\n\t\t\t\t<\/div>\n\t\t\t\t<\/div>\n\t\t\t\t<div class=\"elementor-element elementor-element-b7def0b elementor-position-left animated-slow elementor-view-default elementor-mobile-position-top elementor-vertical-align-top animation_type_block sc_fly_static elementor-invisible elementor-widget elementor-widget-icon-box\" data-id=\"b7def0b\" data-element_type=\"widget\" data-settings=\"{&quot;_animation&quot;:&quot;fadeInUp&quot;}\" data-widget_type=\"icon-box.default\">\n\t\t\t\t<div class=\"elementor-widget-container\">\n\t\t\t\t\t<div class=\"elementor-icon-box-wrapper\">\n\t\t\t\t\t\t<div class=\"elementor-icon-box-icon\">\n\t\t\t\t<span class=\"elementor-icon elementor-animation-\" >\n\t\t\t\t<i aria-hidden=\"true\" class=\"fab fa-gg\"><\/i>\t\t\t\t<\/span>\n\t\t\t<\/div>\n\t\t\t\t\t\t<div class=\"elementor-icon-box-content\">\n\t\t\t\t<h3 class=\"elementor-icon-box-title\">\n\t\t\t\t\t<span  >\n\t\t\t\t\t\tContraindications\t\t\t\t\t<\/span>\n\t\t\t\t<\/h3>\n\t\t\t\t\t\t\t\t\t<p class=\"elementor-icon-box-description\">\n\t\t\t\t\t\tThey are few: myasthenia, neuromuscular diseases, treatment with aminoglycosides, pregnancy, breastfeeding, allergy to botulinum toxin.\t\t\t\t\t<\/p>\n\t\t\t\t\t\t\t<\/div>\n\t\t<\/div>\n\t\t\t\t<\/div>\n\t\t\t\t<\/div>\n\t\t\t\t\t\t<\/div>\n\t\t\t\t\t<\/div>\n\t\t<\/div>\n\t\t\t\t\t\t\t\t<\/div>\n\t\t\t\t\t<\/div>\n\t\t<\/section>\n\t\t\t\t<section class=\"elementor-section elementor-top-section elementor-element elementor-element-e7f947f animated-slow elementor-section-boxed elementor-section-height-default elementor-section-height-default sc_fly_static elementor-invisible\" data-id=\"e7f947f\" data-element_type=\"section\" data-settings=\"{&quot;animation&quot;:&quot;fadeIn&quot;}\">\n\t\t\t\t\t\t<div class=\"elementor-container elementor-column-gap-extended\">\n\t\t\t\t\t\t\t<div class=\"elementor-row\">\n\t\t\t\t\t<div class=\"elementor-column elementor-col-100 elementor-top-column elementor-element elementor-element-614d18a sc_inner_width_none sc_content_align_inherit sc_layouts_column_icons_position_left sc_fly_static\" data-id=\"614d18a\" data-element_type=\"column\">\n\t\t\t<div class=\"elementor-column-wrap elementor-element-populated\">\n\t\t\t\t\t\t\t<div class=\"elementor-widget-wrap\">\n\t\t\t\t\t\t<div class=\"elementor-element elementor-element-6499edd sc_fly_static elementor-widget elementor-widget-trx_sc_button\" data-id=\"6499edd\" data-element_type=\"widget\" data-widget_type=\"trx_sc_button.default\">\n\t\t\t\t<div class=\"elementor-widget-container\">\n\t\t\t<div\tclass=\"sc_item_button sc_button_wrap sc_align_center\" ><a href=\"https:\/\/docteurdevoir.com\/en\/contact\/\" class=\"sc_button sc_button_default sc_button_size_normal sc_button_icon_left\" ><span class=\"sc_button_text\"><span class=\"sc_button_title\">MAKE AN APPOINTMENT<\/span><\/span><\/a><\/div>\t\t<\/div>\n\t\t\t\t<\/div>\n\t\t\t\t\t\t<\/div>\n\t\t\t\t\t<\/div>\n\t\t<\/div>\n\t\t\t\t\t\t\t\t<\/div>\n\t\t\t\t\t<\/div>\n\t\t<\/section>\n\t\t\t\t\t\t\t\t\t<\/div>\n\t\t\t<\/div>\n\t\t\t\t\t<\/div>","protected":false},"excerpt":{"rendered":"<p>Toxine Botulique (Botox) Pour une peau plus lisse, des rides estomp\u00e9es, un regard plus ouvert et un visage plus repos\u00e9 et d\u00e9tendu. https:\/\/docteurdevoir.com\/wp-content\/uploads\/2022\/04\/WhatsApp-Video-2022-04-01-at-17.56.00.mp4 Pr\u00e9vention &amp; Traitement des Rides Pour un&hellip;<\/p>","protected":false},"author":2,"featured_media":0,"parent":0,"menu_order":0,"comment_status":"closed","ping_status":"closed","template":"","meta":[],"_links":{"self":[{"href":"https:\/\/docteurdevoir.com\/en\/wp-json\/wp\/v2\/pages\/18001"}],"collection":[{"href":"https:\/\/docteurdevoir.com\/en\/wp-json\/wp\/v2\/pages"}],"about":[{"href":"https:\/\/docteurdevoir.com\/en\/wp-json\/wp\/v2\/types\/page"}],"author":[{"embeddable":true,"href":"https:\/\/docteurdevoir.com\/en\/wp-json\/wp\/v2\/users\/2"}],"replies":[{"embeddable":true,"href":"https:\/\/docteurdevoir.com\/en\/wp-json\/wp\/v2\/comments?post=18001"}],"version-history":[{"count":71,"href":"https:\/\/docteurdevoir.com\/en\/wp-json\/wp\/v2\/pages\/18001\/revisions"}],"predecessor-version":[{"id":18767,"href":"https:\/\/docteurdevoir.com\/en\/wp-json\/wp\/v2\/pages\/18001\/revisions\/18767"}],"wp:attachment":[{"href":"https:\/\/docteurdevoir.com\/en\/wp-json\/wp\/v2\/media?parent=18001"}],"curies":[{"name":"wp","href":"https:\/\/api.w.org\/{rel}","templated":true}]}}