{"id":18343,"date":"2022-03-31T16:11:31","date_gmt":"2022-03-31T16:11:31","guid":{"rendered":"https:\/\/docteurdevoir.com\/?page_id=18343"},"modified":"2025-03-12T22:23:46","modified_gmt":"2025-03-12T22:23:46","slug":"docteur-devoir","status":"publish","type":"page","link":"https:\/\/docteurdevoir.com\/en\/docteur-devoir\/","title":{"rendered":"Doctor Devoir"},"content":{"rendered":"<div data-elementor-type=\"wp-page\" data-elementor-id=\"18343\" class=\"elementor elementor-18343\">\n\t\t\t\t\t\t<div class=\"elementor-inner\">\n\t\t\t\t<div class=\"elementor-section-wrap\">\n\t\t\t\t\t\t\t\t\t<section class=\"elementor-section elementor-top-section elementor-element elementor-element-86a2a1c elementor-section-boxed elementor-section-height-default elementor-section-height-default sc_fly_static\" data-id=\"86a2a1c\" data-element_type=\"section\">\n\t\t\t\t\t\t<div class=\"elementor-container elementor-column-gap-extended\">\n\t\t\t\t\t\t\t<div class=\"elementor-row\">\n\t\t\t\t\t<div class=\"elementor-column elementor-col-100 elementor-top-column elementor-element elementor-element-b604955 sc_inner_width_none sc_content_align_inherit sc_layouts_column_icons_position_left sc_fly_static\" data-id=\"b604955\" data-element_type=\"column\">\n\t\t\t<div class=\"elementor-column-wrap elementor-element-populated\">\n\t\t\t\t\t\t\t<div class=\"elementor-widget-wrap\">\n\t\t\t\t\t\t<div class=\"elementor-element elementor-element-2901015 sc_height_large sc_fly_static elementor-widget elementor-widget-spacer\" data-id=\"2901015\" data-element_type=\"widget\" data-widget_type=\"spacer.default\">\n\t\t\t\t<div class=\"elementor-widget-container\">\n\t\t\t\t\t<div class=\"elementor-spacer\">\n\t\t\t<div class=\"elementor-spacer-inner\"><\/div>\n\t\t<\/div>\n\t\t\t\t<\/div>\n\t\t\t\t<\/div>\n\t\t\t\t\t\t<\/div>\n\t\t\t\t\t<\/div>\n\t\t<\/div>\n\t\t\t\t\t\t\t\t<\/div>\n\t\t\t\t\t<\/div>\n\t\t<\/section>\n\t\t\t\t<section class=\"elementor-section elementor-top-section elementor-element elementor-element-5b8548b elementor-section-stretched animated-slow elementor-section-boxed elementor-section-height-default elementor-section-height-default sc_fly_static elementor-invisible\" data-id=\"5b8548b\" data-element_type=\"section\" data-settings=\"{&quot;stretch_section&quot;:&quot;section-stretched&quot;,&quot;background_background&quot;:&quot;classic&quot;,&quot;animation&quot;:&quot;fadeInUp&quot;}\">\n\t\t\t\t\t\t<div class=\"elementor-container elementor-column-gap-extended\">\n\t\t\t\t\t\t\t<div class=\"elementor-row\">\n\t\t\t\t\t<div class=\"elementor-column elementor-col-33 elementor-top-column elementor-element elementor-element-5c2839a sc_inner_width_none sc_content_align_inherit sc_layouts_column_icons_position_left sc_fly_static\" data-id=\"5c2839a\" data-element_type=\"column\">\n\t\t\t<div class=\"elementor-column-wrap elementor-element-populated\">\n\t\t\t\t\t\t\t<div class=\"elementor-widget-wrap\">\n\t\t\t\t\t\t<div class=\"elementor-element elementor-element-e48c0ca sc_fly_static elementor-widget elementor-widget-image\" data-id=\"e48c0ca\" data-element_type=\"widget\" data-widget_type=\"image.default\">\n\t\t\t\t<div class=\"elementor-widget-container\">\n\t\t\t\t\t\t\t\t<div class=\"elementor-image\">\n\t\t\t\t\t\t\t\t\t\t\t\t<img width=\"1350\" height=\"1600\" src=\"https:\/\/docteurdevoir.com\/wp-content\/uploads\/2022\/04\/Photo_Cyril_Devoir_Detoure.png\" class=\"attachment-full size-full\" alt=\"\" loading=\"lazy\" srcset=\"https:\/\/docteurdevoir.com\/wp-content\/uploads\/2022\/04\/Photo_Cyril_Devoir_Detoure.png 1350w, https:\/\/docteurdevoir.com\/wp-content\/uploads\/2022\/04\/Photo_Cyril_Devoir_Detoure-253x300.png 253w, https:\/\/docteurdevoir.com\/wp-content\/uploads\/2022\/04\/Photo_Cyril_Devoir_Detoure-864x1024.png 864w, https:\/\/docteurdevoir.com\/wp-content\/uploads\/2022\/04\/Photo_Cyril_Devoir_Detoure-768x910.png 768w, https:\/\/docteurdevoir.com\/wp-content\/uploads\/2022\/04\/Photo_Cyril_Devoir_Detoure-1296x1536.png 1296w, https:\/\/docteurdevoir.com\/wp-content\/uploads\/2022\/04\/Photo_Cyril_Devoir_Detoure-370x439.png 370w, https:\/\/docteurdevoir.com\/wp-content\/uploads\/2022\/04\/Photo_Cyril_Devoir_Detoure-840x996.png 840w, https:\/\/docteurdevoir.com\/wp-content\/uploads\/2022\/04\/Photo_Cyril_Devoir_Detoure-410x486.png 410w\" sizes=\"(max-width: 1350px) 100vw, 1350px\" \/>\t\t\t\t\t\t\t\t\t\t\t\t\t\t<\/div>\n\t\t\t\t\t\t<\/div>\n\t\t\t\t<\/div>\n\t\t\t\t\t\t<\/div>\n\t\t\t\t\t<\/div>\n\t\t<\/div>\n\t\t\t\t<div class=\"elementor-column elementor-col-66 elementor-top-column elementor-element elementor-element-a0cc2dc sc_inner_width_none sc_content_align_inherit sc_layouts_column_icons_position_left sc_fly_static\" data-id=\"a0cc2dc\" data-element_type=\"column\">\n\t\t\t<div class=\"elementor-column-wrap elementor-element-populated\">\n\t\t\t\t\t\t\t<div class=\"elementor-widget-wrap\">\n\t\t\t\t\t\t<div class=\"elementor-element elementor-element-febea3b sc_height_large sc_layouts_hide_on_wide sc_layouts_hide_on_desktop sc_layouts_hide_on_notebook sc_layouts_hide_on_tablet sc_fly_static elementor-widget elementor-widget-spacer\" data-id=\"febea3b\" data-element_type=\"widget\" data-widget_type=\"spacer.default\">\n\t\t\t\t<div class=\"elementor-widget-container\">\n\t\t\t\t\t<div class=\"elementor-spacer\">\n\t\t\t<div class=\"elementor-spacer-inner\"><\/div>\n\t\t<\/div>\n\t\t\t\t<\/div>\n\t\t\t\t<\/div>\n\t\t\t\t<div class=\"elementor-element elementor-element-d7feb56 sc_fly_static elementor-widget elementor-widget-trx_sc_title\" data-id=\"d7feb56\" data-element_type=\"widget\" data-widget_type=\"trx_sc_title.default\">\n\t\t\t\t<div class=\"elementor-widget-container\">\n\t\t\t<div\t\tclass=\"sc_title sc_title_default\" ><span class=\"sc_item_subtitle sc_title_subtitle sc_item_subtitle_above sc_item_title_style_default\">DOCTOR CYRILLE DEVOIR<\/span><h1 class=\"sc_item_title sc_title_title sc_item_title_style_default sc_item_title_tag\"\n\t\t\t><span class=\"sc_item_title_text\">Titres & Exp\u00e9riences depuis 2000<\/span><\/h1><\/div>\t\t<\/div>\n\t\t\t\t<\/div>\n\t\t\t\t<div class=\"elementor-element elementor-element-156d368 sc_fly_static elementor-widget elementor-widget-toggle\" data-id=\"156d368\" data-element_type=\"widget\" data-widget_type=\"toggle.default\">\n\t\t\t\t<div class=\"elementor-widget-container\">\n\t\t\t\t\t<div class=\"elementor-toggle\" role=\"tablist\">\n\t\t\t\t\t\t\t<div class=\"elementor-toggle-item\">\n\t\t\t\t\t<div id=\"elementor-tab-title-2241\" class=\"elementor-tab-title\" data-tab=\"1\" role=\"tab\" aria-controls=\"elementor-tab-content-2241\" aria-expanded=\"false\">\n\t\t\t\t\t\t\t\t\t\t\t\t<span class=\"elementor-toggle-icon elementor-toggle-icon-left\" aria-hidden=\"true\">\n\t\t\t\t\t\t\t\t\t\t\t\t\t\t\t<span class=\"elementor-toggle-icon-closed\"><i class=\"fas fa-caret-right\"><\/i><\/span>\n\t\t\t\t\t\t\t\t<span class=\"elementor-toggle-icon-opened\"><i class=\"elementor-toggle-icon-opened fas fa-caret-up\"><\/i><\/span>\n\t\t\t\t\t\t\t\t\t\t\t\t\t<\/span>\n\t\t\t\t\t\t\t\t\t\t\t\t<a href=\"\" class=\"elementor-toggle-title\">Doctor in Medecine<\/a>\n\t\t\t\t\t<\/div>\n\n\t\t\t\t\t<div id=\"elementor-tab-content-2241\" class=\"elementor-tab-content elementor-clearfix\" data-tab=\"1\" role=\"tabpanel\" aria-labelledby=\"elementor-tab-title-2241\"><ul><li><strong>State Diploma of Doctor of Medicine: <\/strong>Faculty of Medicine of Paris XII<\/li><li><strong>Capacity of Emergency Medicine : <\/strong>Faculty of Medicine of Paris XII<\/li><li><strong>Registered with the Order of Physicians : <\/strong>Numero 94\/14959<\/li><li><strong>Emergency Physician: <\/strong>Roissy CDG Airport Emergency Medical Service since 2000<\/li><li><strong>Former Hospital Practitioner at the SAMU : <\/strong>Mobile Service of Emergency and Resuscitation, Hospital Beaujon, SAMU 92 \/ Mobile Service of Emergency and Resuscitation, Hospital of Corbeil, SAMU 91<\/li><li><strong>Creation and organization at its origin of the Medical House<\/strong> <strong>of the H\u00f4pital Priv\u00e9 Marne la Vall\u00e9e<\/strong><\/li><li><strong>Doctor up to date with his Continuous Personal Development<\/strong><\/li><\/ul><\/div>\n\t\t\t\t<\/div>\n\t\t\t\t\t\t\t<div class=\"elementor-toggle-item\">\n\t\t\t\t\t<div id=\"elementor-tab-title-2242\" class=\"elementor-tab-title\" data-tab=\"2\" role=\"tab\" aria-controls=\"elementor-tab-content-2242\" aria-expanded=\"false\">\n\t\t\t\t\t\t\t\t\t\t\t\t<span class=\"elementor-toggle-icon elementor-toggle-icon-left\" aria-hidden=\"true\">\n\t\t\t\t\t\t\t\t\t\t\t\t\t\t\t<span class=\"elementor-toggle-icon-closed\"><i class=\"fas fa-caret-right\"><\/i><\/span>\n\t\t\t\t\t\t\t\t<span class=\"elementor-toggle-icon-opened\"><i class=\"elementor-toggle-icon-opened fas fa-caret-up\"><\/i><\/span>\n\t\t\t\t\t\t\t\t\t\t\t\t\t<\/span>\n\t\t\t\t\t\t\t\t\t\t\t\t<a href=\"\" class=\"elementor-toggle-title\">Exp\u00e9riences M\u00e9decine Esth\u00e9tique<\/a>\n\t\t\t\t\t<\/div>\n\n\t\t\t\t\t<div id=\"elementor-tab-content-2242\" class=\"elementor-tab-content elementor-clearfix\" data-tab=\"2\" role=\"tabpanel\" aria-labelledby=\"elementor-tab-title-2242\"><ul><li><strong>Graduate of the National College of Aesthetic Medicine: <\/strong>Paris<\/li><li><strong>Graduate of the International College of Aesthetic Medicine<\/strong><\/li><li><strong>Graduate of the DIU Obesity and Aging : <\/strong>Ren\u00e9 Descartes Faculty of Medicine - Paris V - Autonomous University of Barcelona, Spain.<\/li><li><strong>Certificates of Applied Anatomy <\/strong>for the aesthetic use of botulinum toxin and dermal and hypodermic facial implants \/ Faculty of Medicine Ren\u00e9 Descartes - Paris V<\/li><li><strong>Master Intensive Practice in Aesthetic Surgery and Medicine: <\/strong>Faculty of Medicine of Morelos Mexico<\/li><li><strong>APTOS tensor thread training: <\/strong>Tbilisi, Georgia.<\/li><li><strong>Physician Trainer in Companionship<\/strong><\/li><li><strong>Continuing Medical Education and Participation in Congresses of Aesthetic Medicine: <\/strong>AWMC, IMCAS, AMIFORM\u2026<\/li><\/ul><\/div>\n\t\t\t\t<\/div>\n\t\t\t\t\t\t\t\t<\/div>\n\t\t\t\t<\/div>\n\t\t\t\t<\/div>\n\t\t\t\t\t\t<\/div>\n\t\t\t\t\t<\/div>\n\t\t<\/div>\n\t\t\t\t\t\t\t\t<\/div>\n\t\t\t\t\t<\/div>\n\t\t<\/section>\n\t\t\t\t<section class=\"elementor-section elementor-top-section elementor-element elementor-element-ba4ccb1 elementor-section-boxed elementor-section-height-default elementor-section-height-default sc_fly_static\" data-id=\"ba4ccb1\" data-element_type=\"section\">\n\t\t\t\t\t\t<div class=\"elementor-container elementor-column-gap-extended\">\n\t\t\t\t\t\t\t<div class=\"elementor-row\">\n\t\t\t\t\t<div class=\"elementor-column elementor-col-100 elementor-top-column elementor-element elementor-element-d3e165a sc_inner_width_none sc_content_align_inherit sc_layouts_column_icons_position_left sc_fly_static\" data-id=\"d3e165a\" data-element_type=\"column\">\n\t\t\t<div class=\"elementor-column-wrap elementor-element-populated\">\n\t\t\t\t\t\t\t<div class=\"elementor-widget-wrap\">\n\t\t\t\t\t\t<div class=\"elementor-element elementor-element-1c7e8b1 sc_fly_static elementor-widget elementor-widget-spacer\" data-id=\"1c7e8b1\" data-element_type=\"widget\" data-widget_type=\"spacer.default\">\n\t\t\t\t<div class=\"elementor-widget-container\">\n\t\t\t\t\t<div class=\"elementor-spacer\">\n\t\t\t<div class=\"elementor-spacer-inner\"><\/div>\n\t\t<\/div>\n\t\t\t\t<\/div>\n\t\t\t\t<\/div>\n\t\t\t\t\t\t<\/div>\n\t\t\t\t\t<\/div>\n\t\t<\/div>\n\t\t\t\t\t\t\t\t<\/div>\n\t\t\t\t\t<\/div>\n\t\t<\/section>\n\t\t\t\t\t\t\t\t\t<\/div>\n\t\t\t<\/div>\n\t\t\t\t\t<\/div>","protected":false},"excerpt":{"rendered":"<p>LE DOCTEUR CYRILLE DEVOIR Titres &#038; Exp\u00e9riences depuis 2000 Docteur en M\u00e9decine Dipl\u00f4m\u00e9 d\u2019Etat de Docteur en M\u00e9decine : Facult\u00e9 de M\u00e9decine de Paris XII Capacit\u00e9 de M\u00e9decine d\u2019Urgence :&hellip;<\/p>","protected":false},"author":2,"featured_media":0,"parent":0,"menu_order":0,"comment_status":"closed","ping_status":"closed","template":"","meta":[],"_links":{"self":[{"href":"https:\/\/docteurdevoir.com\/en\/wp-json\/wp\/v2\/pages\/18343"}],"collection":[{"href":"https:\/\/docteurdevoir.com\/en\/wp-json\/wp\/v2\/pages"}],"about":[{"href":"https:\/\/docteurdevoir.com\/en\/wp-json\/wp\/v2\/types\/page"}],"author":[{"embeddable":true,"href":"https:\/\/docteurdevoir.com\/en\/wp-json\/wp\/v2\/users\/2"}],"replies":[{"embeddable":true,"href":"https:\/\/docteurdevoir.com\/en\/wp-json\/wp\/v2\/comments?post=18343"}],"version-history":[{"count":29,"href":"https:\/\/docteurdevoir.com\/en\/wp-json\/wp\/v2\/pages\/18343\/revisions"}],"predecessor-version":[{"id":18869,"href":"https:\/\/docteurdevoir.com\/en\/wp-json\/wp\/v2\/pages\/18343\/revisions\/18869"}],"wp:attachment":[{"href":"https:\/\/docteurdevoir.com\/en\/wp-json\/wp\/v2\/media?parent=18343"}],"curies":[{"name":"wp","href":"https:\/\/api.w.org\/{rel}","templated":true}]}}